{"id":62,"date":"2024-08-05T14:18:53","date_gmt":"2024-08-05T12:18:53","guid":{"rendered":"https:\/\/taxihome-sh.ch\/cms\/?page_id=62"},"modified":"2024-08-06T09:08:14","modified_gmt":"2024-08-06T07:08:14","slug":"agb","status":"publish","type":"page","link":"https:\/\/taxihome-sh.ch\/cms\/agb\/","title":{"rendered":"AGB"},"content":{"rendered":"\t\t<div data-elementor-type=\"wp-page\" data-elementor-id=\"62\" class=\"elementor elementor-62\">\n\t\t\t\t<div class=\"elementor-element elementor-element-d74eadb e-flex e-con-boxed e-con e-parent\" data-id=\"d74eadb\" data-element_type=\"container\" data-e-type=\"container\" data-settings=\"{&quot;background_background&quot;:&quot;classic&quot;}\">\n\t\t\t\t\t<div class=\"e-con-inner\">\n\t\t\t\t<div class=\"elementor-element elementor-element-6c89184 elementor-widget elementor-widget-image\" data-id=\"6c89184\" data-element_type=\"widget\" data-e-type=\"widget\" data-widget_type=\"image.default\">\n\t\t\t\t<div class=\"elementor-widget-container\">\n\t\t\t\t\t\t\t\t\t\t\t\t\t\t\t<img fetchpriority=\"high\" decoding=\"async\" width=\"940\" height=\"340\" src=\"https:\/\/taxihome-sh.ch\/cms\/wp-content\/uploads\/2024\/08\/7305486-Im-Rheinfall.jpg\" class=\"attachment-large size-large wp-image-13\" alt=\"\" srcset=\"https:\/\/taxihome-sh.ch\/cms\/wp-content\/uploads\/2024\/08\/7305486-Im-Rheinfall.jpg 940w, https:\/\/taxihome-sh.ch\/cms\/wp-content\/uploads\/2024\/08\/7305486-Im-Rheinfall-300x109.jpg 300w, https:\/\/taxihome-sh.ch\/cms\/wp-content\/uploads\/2024\/08\/7305486-Im-Rheinfall-768x278.jpg 768w\" sizes=\"(max-width: 940px) 100vw, 940px\" \/>\t\t\t\t\t\t\t\t\t\t\t\t\t\t\t<\/div>\n\t\t\t\t<\/div>\n\t\t\t\t<div class=\"elementor-element elementor-element-29ecfc7 elementor-widget elementor-widget-heading\" data-id=\"29ecfc7\" data-element_type=\"widget\" data-e-type=\"widget\" data-widget_type=\"heading.default\">\n\t\t\t\t<div class=\"elementor-widget-container\">\n\t\t\t\t\t<h2 class=\"elementor-heading-title elementor-size-default\">AGB<\/h2>\t\t\t\t<\/div>\n\t\t\t\t<\/div>\n\t\t\t\t<div class=\"elementor-element elementor-element-2245359 elementor-widget elementor-widget-text-editor\" data-id=\"2245359\" data-element_type=\"widget\" data-e-type=\"widget\" data-widget_type=\"text-editor.default\">\n\t\t\t\t<div class=\"elementor-widget-container\">\n\t\t\t\t\t\t\t\t\t<p><strong>Allgemeine Gesch\u00e4ftsbedingungen der Taxi Home Schaffhausen und Klettgau<\/strong><\/p><p>Wir erbringen Dienstleistungen im Transport von Personen und allenfalls G\u00fctern unter Zugrundelegung dieser AGB. Andere Gesch\u00e4ftsbedingungen werden nur dann anerkannt, wenn diese schriftlich durch uns best\u00e4tigt werden.<\/p><p><strong>Geltungsbereich<\/strong><br \/>Diese AGB gelten f\u00fcr alle von uns durchgef\u00fchrten Fahrten. Mit der Bestellung von Fahrten bzw.\u00a0dem Einsteigen in das Fahrzeug\u00a0stimmen sie diesen AGB zu.<\/p><p><strong>Haftungsausschluss<\/strong><br \/>Bei allen Fahrten haftet der Kunde daf\u00fcr, dass diese zeitgerecht bestellt werden. Insbesondere verkehrsbedingte oder auch durch Verkehrsunf\u00e4lle bedingte Verz\u00f6gerungen sind vom Kunden einzuplanen und unterliegen dessen Verantwortung und Haftung. Das Unternehmen haftet nur bei Vorsatz oder grober Fahrl\u00e4ssigkeit. Jegliche Haftung wird auf die gesetzlichen Vorschriften beschr\u00e4nkt.<\/p><p><strong>Preise<\/strong><br \/>Die Preise enthalten die gesetzliche Umsatzsteuer in der jeweiligen gesetzlichen H\u00f6he. Es gelten die am Tag der Buchungsbest\u00e4tigung g\u00fcltigen Preise. In der Preisliste nicht angef\u00fchrte Pauschalpreise k\u00f6nnen sowohl schriftlich als auch m\u00fcndlich vereinbart werden und gelten nur f\u00fcr das vereinbarte Fahrdatum und die jeweilige Mietzeit. Dar\u00fcber hinausgehende Zeiten und Entfernungen werden nach der g\u00fcltigen Preisliste berechnet. Mehrkosten durch Verz\u00f6gerungen gehen zu Lasten des Kunden, es sei denn, die Verz\u00f6gerungen beruhen auf einem Verschulden von\u00a0<strong>Taxi Home Schaffhausen<\/strong>. Der Fahrpreis beinhaltet die Personenbef\u00f6rderung mit normalem Gep\u00e4ck. Die Mitnahme sperriger G\u00fcter bedarf einer gesonderten Vereinbarung.<\/p><p><strong>Zahlungsbestimmungen<\/strong><br \/>Offene Betr\u00e4ge sind vom Fahrgast bzw. vom Kunden entweder sofort in bar oder mit Kreditkarte beim Chauffeur zu bezahlen. Im Einzelfall und nach vorg\u00e4ngiger Absprache mit\u00a0<strong>Taxi Home Schaffhausen<\/strong> <strong>ist auch eine Zahlung<\/strong><strong>\u00a0<\/strong>per Rechnung m\u00f6glich. Die Rechtzeitigkeit einer Zahlung ist gegeben, wenn der geschuldete Betrag zur vorbehaltslosen Verf\u00fcgung auf dem Konto von\u00a0<strong>Taxi Home Schaffhausen<\/strong>\u00a0steht. Bei Zahlung mit Kreditkarte gilt die Forderung erst nach endg\u00fcltiger und vollst\u00e4ndiger Gutschrift auf unser Konto als bezahlt. Zahlungen werden stets zur Begleichung der \u00e4ltesten Forderung verwendet. Befindet sich der Kunde in Zahlungsverzug, berechnet\u00a0<strong>Taxi Home Schaffhausen<\/strong>\u00a0\u2013 vorbehaltlich der Geltendmachung weiteren Verzugsschadens \u2013 Zinsen in H\u00f6he von 5 Prozentpunkten. F\u00fcr die zweite und jede weitere Mahnung werden CHF 20.00 als Mahngeb\u00fchr berechnet. Dem Kunden bleibt es vorbehalten, einen geringeren Schaden nachzuweisen.<\/p><p><strong>Stornierungen und R\u00fccktritt<\/strong><br \/>Stornierungen werden nur wirksam, wenn diese schriftlich oder m\u00fcndlich per Telefon bei\u00a0<strong>Taxi Home Schaffhausen\u00a0<\/strong>abgegeben werden. F\u00fcr die Rechtzeitigkeit schriftlicher Stornierungen z\u00e4hlt der Eingang bei\u00a0<strong>Taxi Home Schaffhausen<\/strong>. Stornierungen bis einschlie\u00dflich 24 Stunden vor dem vertraglich bestimmten Antritt der Fahrt sind kostenfrei. Bei Stornierungen berechnet\u00a0<strong>Taxi Home Schaffhausen<\/strong>\u00a0einen Anteil am Fahrtgrundpreis als Schadenersatz. Dieser Anteil betr\u00e4gt:<\/p><ul><li style=\"list-style-type: none;\"><ul><li>30% bei Stornierungen bis 12 Stunden<\/li><li>80 % bei Stornierungen bis 3 Stunden vor dem vertraglich vereinbarten Beginn der Leistungserf\u00fcllung<\/li><li>100% bei sp\u00e4teren Stornierungen und bei Nichtantritt der Fahrt.<\/li><\/ul><\/li><\/ul><p><br \/>Aufwendungen berechnet\u00a0<strong>Taxi Home Schaffhausen<\/strong>\u00a0unabh\u00e4ngig von der Rechtzeitigkeit der Stornierungen, wenn diese bereits angefallen sind. Dem Kunden bleibt ausdr\u00fccklich der Nachweis gestattet, dass\u00a0<strong>Taxi Home Schaffhausen <\/strong>gar kein oder ein niedrigerer Schaden entstanden ist.\u00a0<strong>Taxi Home Schaffhausen<\/strong>\u00a0beh\u00e4lt sich vor, vom Vertrag ganz oder teilweise zur\u00fcckzutreten, wenn der Kunde seine Zahlung einstellt, in Insolvenz ger\u00e4t oder aufgrund \u00e4usserer Umst\u00e4nde davon auszugehen ist, dass die Dienstleistungen missbr\u00e4uchlich in Anspruch genommen werden oder der Kunde ihm nach diesen Vertragsbestimmungen obliegende Pflichten verletzt. \u00a0 \u00a0 \u00a0 \u00a0 \u00a0 \u00a0 \u00a0 \u00a0 \u00a0 \u00a0 \u00a0 \u00a0 \u00a0 \u00a0 \u00a0 \u00a0 \u00a0 \u00a0 \u00a0 \u00a0 \u00a0 \u00a0 \u00a0 \u00a0 \u00a0 \u00a0 \u00a0 \u00a0 \u00a0 \u00a0 \u00a0 \u00a0 \u00a0 \u00a0 \u00a0 \u00a0 \u00a0 \u00a0 \u00a0 \u00a0 \u00a0 \u00a0 \u00a0 \u00a0 \u00a0 \u00a0 \u00a0 \u00a0 \u00a0 \u00a0 \u00a0 \u00a0 \u00a0 \u00a0 \u00a0 \u00a0 \u00a0 \u00a0 \u00a0 \u00a0 \u00a0 \u00a0 \u00a0 <em>Bei Entsch\u00e4digungen handelt sich vorwiegend um lange Fahrten und nur falls irgendwelche Kosten entstehen die durch den Kunden verursacht wurde.<\/em> \u00a0 \u00a0\u00a0<\/p><p><strong>Preise:<\/strong><br \/>Die Preise werden bei der Bestellung individuell oder nach Preisliste inklusive der gesetzlichen Umsatzsteuer angegeben. Sollte keine andere Vereinbarung getroffen werden, betr\u00e4gt der Basisstundensatz f\u00fcr unsere Dienstleistungen CHF 60.00 zzgl. MwSt.<\/p><p>Alle unsere Angebote sind freibleibend.<\/p><p><strong>Promotion Bons<\/strong><br \/>Gutscheine zu Werbezwecken (Promotion Bons), werden grunds\u00e4tzlich unentgeltlich \u00fcberlassen. Die Abl\u00f6se in Bargeld ist nicht m\u00f6glich. Der Rechtsweg ist ausgeschlossen. Es wird kein Schriftverkehr dar\u00fcber gef\u00fchrt. Pro Fahrt kann nur ein Gutschein eingel\u00f6st werden.<\/p><p><strong>Salvatorische Klausel<\/strong><br \/>Sollten einzelne oder mehrere Bestimmungen dieser AGB unwirksam sein oder werden, so wird hiervon die Wirksamkeit aller sonstigen Bestimmungen oder Vereinbarungen im Zweifel nicht ber\u00fchrt. Anstelle der unwirksamen Bestimmungen soll vielmehr eine Regelung gelten, die in rechtlich zul\u00e4ssiger Weise dem wirtschaftlichen Sinn und Zweck der unwirksamen Bestimmung m\u00f6glichst nahe kommt.<\/p><p><strong>Gerichtstand, geltendes Recht:<\/strong><br \/>Es\u00a0 gilt schweizerisches Recht, Gerichtsstand ist Schaffhausen.<\/p>\t\t\t\t\t\t\t\t<\/div>\n\t\t\t\t<\/div>\n\t\t\t\t\t<\/div>\n\t\t\t\t<\/div>\n\t\t\t\t<\/div>\n\t\t","protected":false},"excerpt":{"rendered":"<p>AGB Allgemeine Gesch\u00e4ftsbedingungen der Taxi Home Schaffhausen und Klettgau Wir erbringen Dienstleistungen im Transport von Personen und allenfalls G\u00fctern unter Zugrundelegung dieser AGB. Andere Gesch\u00e4ftsbedingungen werden nur dann anerkannt, wenn diese schriftlich durch uns best\u00e4tigt werden. GeltungsbereichDiese AGB gelten f\u00fcr alle von uns durchgef\u00fchrten Fahrten. Mit der Bestellung von Fahrten bzw.\u00a0dem Einsteigen in das Fahrzeug\u00a0stimmen&hellip;&nbsp;<a href=\"https:\/\/taxihome-sh.ch\/cms\/agb\/\" rel=\"bookmark\">Weiterlesen &raquo;<span class=\"screen-reader-text\">AGB<\/span><\/a><\/p>\n","protected":false},"author":1,"featured_media":0,"parent":0,"menu_order":0,"comment_status":"closed","ping_status":"closed","template":"page-templates\/template-pagebuilder-full-width.php","meta":{"neve_meta_sidebar":"","neve_meta_container":"","neve_meta_enable_content_width":"","neve_meta_content_width":0,"neve_meta_title_alignment":"","neve_meta_author_avatar":"","neve_post_elements_order":"","neve_meta_disable_header":"","neve_meta_disable_footer":"","neve_meta_disable_title":"","footnotes":""},"class_list":["post-62","page","type-page","status-publish","hentry"],"_links":{"self":[{"href":"https:\/\/taxihome-sh.ch\/cms\/wp-json\/wp\/v2\/pages\/62","targetHints":{"allow":["GET"]}}],"collection":[{"href":"https:\/\/taxihome-sh.ch\/cms\/wp-json\/wp\/v2\/pages"}],"about":[{"href":"https:\/\/taxihome-sh.ch\/cms\/wp-json\/wp\/v2\/types\/page"}],"author":[{"embeddable":true,"href":"https:\/\/taxihome-sh.ch\/cms\/wp-json\/wp\/v2\/users\/1"}],"replies":[{"embeddable":true,"href":"https:\/\/taxihome-sh.ch\/cms\/wp-json\/wp\/v2\/comments?post=62"}],"version-history":[{"count":7,"href":"https:\/\/taxihome-sh.ch\/cms\/wp-json\/wp\/v2\/pages\/62\/revisions"}],"predecessor-version":[{"id":87,"href":"https:\/\/taxihome-sh.ch\/cms\/wp-json\/wp\/v2\/pages\/62\/revisions\/87"}],"wp:attachment":[{"href":"https:\/\/taxihome-sh.ch\/cms\/wp-json\/wp\/v2\/media?parent=62"}],"curies":[{"name":"wp","href":"https:\/\/api.w.org\/{rel}","templated":true}]}}