{"id":10,"date":"2024-08-05T09:37:49","date_gmt":"2024-08-05T07:37:49","guid":{"rendered":"https:\/\/taxihome-sh.ch\/cms\/?page_id=10"},"modified":"2025-10-16T09:14:56","modified_gmt":"2025-10-16T07:14:56","slug":"home-taxi-zentrale","status":"publish","type":"page","link":"https:\/\/taxihome-sh.ch\/cms\/","title":{"rendered":"Home Taxi Zentrale"},"content":{"rendered":"\t\t<div data-elementor-type=\"wp-page\" data-elementor-id=\"10\" class=\"elementor elementor-10\">\n\t\t\t\t<div class=\"elementor-element elementor-element-5afa0ab e-flex e-con-boxed e-con e-parent\" data-id=\"5afa0ab\" data-element_type=\"container\" data-e-type=\"container\" data-settings=\"{&quot;background_background&quot;:&quot;classic&quot;}\">\n\t\t\t\t\t<div class=\"e-con-inner\">\n\t\t\t\t<div class=\"elementor-element elementor-element-53c4757 elementor-widget elementor-widget-image\" data-id=\"53c4757\" data-element_type=\"widget\" data-e-type=\"widget\" data-widget_type=\"image.default\">\n\t\t\t\t<div class=\"elementor-widget-container\">\n\t\t\t\t\t\t\t\t\t\t\t\t\t\t\t<img fetchpriority=\"high\" decoding=\"async\" width=\"940\" height=\"340\" src=\"https:\/\/taxihome-sh.ch\/cms\/wp-content\/uploads\/2024\/08\/7305486-Im-Rheinfall.jpg\" class=\"attachment-large size-large wp-image-13\" alt=\"\" srcset=\"https:\/\/taxihome-sh.ch\/cms\/wp-content\/uploads\/2024\/08\/7305486-Im-Rheinfall.jpg 940w, https:\/\/taxihome-sh.ch\/cms\/wp-content\/uploads\/2024\/08\/7305486-Im-Rheinfall-300x109.jpg 300w, https:\/\/taxihome-sh.ch\/cms\/wp-content\/uploads\/2024\/08\/7305486-Im-Rheinfall-768x278.jpg 768w\" sizes=\"(max-width: 940px) 100vw, 940px\" \/>\t\t\t\t\t\t\t\t\t\t\t\t\t\t\t<\/div>\n\t\t\t\t<\/div>\n\t\t\t\t<div class=\"elementor-element elementor-element-81600cc elementor-widget elementor-widget-spacer\" data-id=\"81600cc\" data-element_type=\"widget\" data-e-type=\"widget\" data-widget_type=\"spacer.default\">\n\t\t\t\t<div class=\"elementor-widget-container\">\n\t\t\t\t\t\t\t<div class=\"elementor-spacer\">\n\t\t\t<div class=\"elementor-spacer-inner\"><\/div>\n\t\t<\/div>\n\t\t\t\t\t\t<\/div>\n\t\t\t\t<\/div>\n\t\t\t\t<div class=\"elementor-element elementor-element-b896b3e elementor-widget elementor-widget-heading\" data-id=\"b896b3e\" data-element_type=\"widget\" data-e-type=\"widget\" data-widget_type=\"heading.default\">\n\t\t\t\t<div class=\"elementor-widget-container\">\n\t\t\t\t\t<h2 class=\"elementor-heading-title elementor-size-default\">Home Taxi Zentrale<\/h2>\t\t\t\t<\/div>\n\t\t\t\t<\/div>\n\t\t\t\t<div class=\"elementor-element elementor-element-135416c elementor-widget elementor-widget-text-editor\" data-id=\"135416c\" data-element_type=\"widget\" data-e-type=\"widget\" data-widget_type=\"text-editor.default\">\n\t\t\t\t<div class=\"elementor-widget-container\">\n\t\t\t\t\t\t\t\t\t<div class=\"freetextarea\"><p>&#8220; <strong>Taxi Home<\/strong>\u00a0<strong> Schaffhausen<\/strong> &amp;<strong> Klettgau <\/strong><strong>&#8222;<\/strong> \u00a0steht \u00a0f\u00fcr herausragende und ein Umfassender Zuverl\u00e4ssige Dienstleistungen f\u00fcr private -Famili\u00e4re und gesch\u00e4ftliche Fahrten\u00a0in gepflegten Wagen<\/p><p>Unsere besondere Kompetenz liegt im Bereich: <strong>Kurier &#8211;\u00a0Hauslieferdienst &#8211; Transfers zwischen Flughafen \u2013 Hotel \u2013 Meeting &#8211; Werk und Bahnhof.<\/strong><\/p><p>Unsere langj\u00e4hrigen Kunden sch\u00e4tzen an uns besonders Langj\u00e4hrige Fahrpraxis, gute Umgangsformen, Zuverl\u00e4ssigkeit und Diskretion\u00a0sind bei uns selbstverst\u00e4ndlich.<\/p><p><strong>&#8222;Taxi Home&#8220; in Schaffhausen\u00a0and Klettgau<\/strong> stands for outstanding and comprehensive Reliable services for private and business trips in well maintained cars.<\/p><p>Our special competence lies in the area: <b>Home delivery service &#8211; transfers between airport &#8211; hotel &#8211; meeting &#8211; plant and train station.<\/b><\/p><p>Our long-standing customers appreciate us. Many years of driving experience, good manners, reliability and discretion are a matter of course for us.<\/p><\/div>\t\t\t\t\t\t\t\t<\/div>\n\t\t\t\t<\/div>\n\t\t<div class=\"elementor-element elementor-element-936a08c e-con-full e-flex e-con e-child\" data-id=\"936a08c\" data-element_type=\"container\" data-e-type=\"container\">\n\t\t<div class=\"elementor-element elementor-element-c1339b4 e-con-full e-flex e-con e-child\" data-id=\"c1339b4\" data-element_type=\"container\" data-e-type=\"container\">\n\t\t\t\t<div class=\"elementor-element elementor-element-e4bf536 elementor-widget elementor-widget-image\" data-id=\"e4bf536\" data-element_type=\"widget\" data-e-type=\"widget\" data-widget_type=\"image.default\">\n\t\t\t\t<div class=\"elementor-widget-container\">\n\t\t\t\t\t\t\t\t\t\t\t\t\t\t\t<img decoding=\"async\" width=\"512\" height=\"512\" src=\"https:\/\/taxihome-sh.ch\/cms\/wp-content\/uploads\/2024\/08\/pngegg.png\" class=\"attachment-medium_large size-medium_large wp-image-20\" alt=\"\" srcset=\"https:\/\/taxihome-sh.ch\/cms\/wp-content\/uploads\/2024\/08\/pngegg.png 512w, https:\/\/taxihome-sh.ch\/cms\/wp-content\/uploads\/2024\/08\/pngegg-300x300.png 300w, https:\/\/taxihome-sh.ch\/cms\/wp-content\/uploads\/2024\/08\/pngegg-150x150.png 150w\" sizes=\"(max-width: 512px) 100vw, 512px\" \/>\t\t\t\t\t\t\t\t\t\t\t\t\t\t\t<\/div>\n\t\t\t\t<\/div>\n\t\t\t\t<\/div>\n\t\t<div class=\"elementor-element elementor-element-6c1da4c e-con-full e-flex e-con e-child\" data-id=\"6c1da4c\" data-element_type=\"container\" data-e-type=\"container\">\n\t\t\t\t<div class=\"elementor-element elementor-element-4d89da4 elementor-widget elementor-widget-image\" data-id=\"4d89da4\" data-element_type=\"widget\" data-e-type=\"widget\" data-widget_type=\"image.default\">\n\t\t\t\t<div class=\"elementor-widget-container\">\n\t\t\t\t\t\t\t\t\t\t\t\t\t\t\t<img decoding=\"async\" width=\"640\" height=\"640\" src=\"https:\/\/taxihome-sh.ch\/cms\/wp-content\/uploads\/2024\/08\/pngegg1.png\" class=\"attachment-medium_large size-medium_large wp-image-19\" alt=\"\" srcset=\"https:\/\/taxihome-sh.ch\/cms\/wp-content\/uploads\/2024\/08\/pngegg1.png 640w, https:\/\/taxihome-sh.ch\/cms\/wp-content\/uploads\/2024\/08\/pngegg1-300x300.png 300w, https:\/\/taxihome-sh.ch\/cms\/wp-content\/uploads\/2024\/08\/pngegg1-150x150.png 150w\" sizes=\"(max-width: 640px) 100vw, 640px\" \/>\t\t\t\t\t\t\t\t\t\t\t\t\t\t\t<\/div>\n\t\t\t\t<\/div>\n\t\t\t\t<\/div>\n\t\t<div class=\"elementor-element elementor-element-1586048 e-con-full e-flex e-con e-child\" data-id=\"1586048\" data-element_type=\"container\" data-e-type=\"container\">\n\t\t\t\t<div class=\"elementor-element elementor-element-5d2cc8b elementor-widget elementor-widget-image\" data-id=\"5d2cc8b\" data-element_type=\"widget\" data-e-type=\"widget\" data-widget_type=\"image.default\">\n\t\t\t\t<div class=\"elementor-widget-container\">\n\t\t\t\t\t\t\t\t\t\t\t\t\t\t\t<img loading=\"lazy\" decoding=\"async\" width=\"512\" height=\"512\" src=\"https:\/\/taxihome-sh.ch\/cms\/wp-content\/uploads\/2024\/08\/pngegg2.png\" class=\"attachment-medium_large size-medium_large wp-image-18\" alt=\"\" srcset=\"https:\/\/taxihome-sh.ch\/cms\/wp-content\/uploads\/2024\/08\/pngegg2.png 512w, https:\/\/taxihome-sh.ch\/cms\/wp-content\/uploads\/2024\/08\/pngegg2-300x300.png 300w, https:\/\/taxihome-sh.ch\/cms\/wp-content\/uploads\/2024\/08\/pngegg2-150x150.png 150w\" sizes=\"(max-width: 512px) 100vw, 512px\" \/>\t\t\t\t\t\t\t\t\t\t\t\t\t\t\t<\/div>\n\t\t\t\t<\/div>\n\t\t\t\t<\/div>\n\t\t<div class=\"elementor-element elementor-element-335f7cf e-con-full e-flex e-con e-child\" data-id=\"335f7cf\" data-element_type=\"container\" data-e-type=\"container\">\n\t\t\t\t<div class=\"elementor-element elementor-element-054a7e3 elementor-widget elementor-widget-image\" data-id=\"054a7e3\" data-element_type=\"widget\" data-e-type=\"widget\" data-widget_type=\"image.default\">\n\t\t\t\t<div class=\"elementor-widget-container\">\n\t\t\t\t\t\t\t\t\t\t\t\t\t\t\t<img loading=\"lazy\" decoding=\"async\" width=\"512\" height=\"512\" src=\"https:\/\/taxihome-sh.ch\/cms\/wp-content\/uploads\/2024\/08\/pngegg3.png\" class=\"attachment-medium_large size-medium_large wp-image-17\" alt=\"\" srcset=\"https:\/\/taxihome-sh.ch\/cms\/wp-content\/uploads\/2024\/08\/pngegg3.png 512w, https:\/\/taxihome-sh.ch\/cms\/wp-content\/uploads\/2024\/08\/pngegg3-300x300.png 300w, https:\/\/taxihome-sh.ch\/cms\/wp-content\/uploads\/2024\/08\/pngegg3-150x150.png 150w\" sizes=\"(max-width: 512px) 100vw, 512px\" \/>\t\t\t\t\t\t\t\t\t\t\t\t\t\t\t<\/div>\n\t\t\t\t<\/div>\n\t\t\t\t<\/div>\n\t\t<div class=\"elementor-element elementor-element-efce5bb e-con-full e-flex e-con e-child\" data-id=\"efce5bb\" data-element_type=\"container\" data-e-type=\"container\">\n\t\t\t\t<div class=\"elementor-element elementor-element-45bb41f elementor-widget elementor-widget-image\" data-id=\"45bb41f\" data-element_type=\"widget\" data-e-type=\"widget\" data-widget_type=\"image.default\">\n\t\t\t\t<div class=\"elementor-widget-container\">\n\t\t\t\t\t\t\t\t\t\t\t\t\t\t\t<img loading=\"lazy\" decoding=\"async\" width=\"768\" height=\"459\" src=\"https:\/\/taxihome-sh.ch\/cms\/wp-content\/uploads\/2024\/08\/pngegg4-768x459.png\" class=\"attachment-medium_large size-medium_large wp-image-16\" alt=\"\" srcset=\"https:\/\/taxihome-sh.ch\/cms\/wp-content\/uploads\/2024\/08\/pngegg4-768x459.png 768w, https:\/\/taxihome-sh.ch\/cms\/wp-content\/uploads\/2024\/08\/pngegg4-300x179.png 300w, https:\/\/taxihome-sh.ch\/cms\/wp-content\/uploads\/2024\/08\/pngegg4-1024x612.png 1024w, https:\/\/taxihome-sh.ch\/cms\/wp-content\/uploads\/2024\/08\/pngegg4-1536x919.png 1536w, https:\/\/taxihome-sh.ch\/cms\/wp-content\/uploads\/2024\/08\/pngegg4-2048x1225.png 2048w\" sizes=\"(max-width: 768px) 100vw, 768px\" \/>\t\t\t\t\t\t\t\t\t\t\t\t\t\t\t<\/div>\n\t\t\t\t<\/div>\n\t\t\t\t<\/div>\n\t\t<div class=\"elementor-element elementor-element-f0cb605 e-con-full e-flex e-con e-child\" data-id=\"f0cb605\" data-element_type=\"container\" data-e-type=\"container\">\n\t\t\t\t<div class=\"elementor-element elementor-element-735ffbb elementor-widget elementor-widget-image\" data-id=\"735ffbb\" data-element_type=\"widget\" data-e-type=\"widget\" data-widget_type=\"image.default\">\n\t\t\t\t<div class=\"elementor-widget-container\">\n\t\t\t\t\t\t\t\t\t\t\t\t\t\t\t<img loading=\"lazy\" decoding=\"async\" width=\"512\" height=\"512\" src=\"https:\/\/taxihome-sh.ch\/cms\/wp-content\/uploads\/2024\/08\/pngegg5.png\" class=\"attachment-medium_large size-medium_large wp-image-15\" alt=\"\" srcset=\"https:\/\/taxihome-sh.ch\/cms\/wp-content\/uploads\/2024\/08\/pngegg5.png 512w, https:\/\/taxihome-sh.ch\/cms\/wp-content\/uploads\/2024\/08\/pngegg5-300x300.png 300w, https:\/\/taxihome-sh.ch\/cms\/wp-content\/uploads\/2024\/08\/pngegg5-150x150.png 150w\" sizes=\"(max-width: 512px) 100vw, 512px\" \/>\t\t\t\t\t\t\t\t\t\t\t\t\t\t\t<\/div>\n\t\t\t\t<\/div>\n\t\t\t\t<\/div>\n\t\t<div class=\"elementor-element elementor-element-5bf66eb e-con-full e-flex e-con e-child\" data-id=\"5bf66eb\" data-element_type=\"container\" data-e-type=\"container\">\n\t\t\t\t<div class=\"elementor-element elementor-element-26d8053 elementor-widget elementor-widget-image\" data-id=\"26d8053\" data-element_type=\"widget\" data-e-type=\"widget\" data-widget_type=\"image.default\">\n\t\t\t\t<div class=\"elementor-widget-container\">\n\t\t\t\t\t\t\t\t\t\t\t\t\t\t\t<img loading=\"lazy\" decoding=\"async\" width=\"300\" height=\"133\" src=\"https:\/\/taxihome-sh.ch\/cms\/wp-content\/uploads\/2024\/08\/logo-twint-e1677611425241-300x133-1.png\" class=\"attachment-medium_large size-medium_large wp-image-21\" alt=\"\" \/>\t\t\t\t\t\t\t\t\t\t\t\t\t\t\t<\/div>\n\t\t\t\t<\/div>\n\t\t\t\t<\/div>\n\t\t\t\t<\/div>\n\t\t\t\t<div class=\"elementor-element elementor-element-85adce1 elementor-widget elementor-widget-text-editor\" data-id=\"85adce1\" data-element_type=\"widget\" data-e-type=\"widget\" data-widget_type=\"text-editor.default\">\n\t\t\t\t<div class=\"elementor-widget-container\">\n\t\t\t\t\t\t\t\t\t<p>Alle KreditKarten akzeptieren, die das Maestro-, VPay-, TWINT,-MasterCard-, Visa- oder American Express-Logo tragen.<\/p>\t\t\t\t\t\t\t\t<\/div>\n\t\t\t\t<\/div>\n\t\t<div class=\"elementor-element elementor-element-b46e604 e-con-full e-flex e-con e-child\" data-id=\"b46e604\" data-element_type=\"container\" data-e-type=\"container\">\n\t\t<div class=\"elementor-element elementor-element-e36df60 e-con-full e-flex e-con e-child\" data-id=\"e36df60\" data-element_type=\"container\" data-e-type=\"container\">\n\t\t\t\t<div class=\"elementor-element elementor-element-e61a56c elementor-widget elementor-widget-image\" data-id=\"e61a56c\" data-element_type=\"widget\" data-e-type=\"widget\" data-widget_type=\"image.default\">\n\t\t\t\t<div class=\"elementor-widget-container\">\n\t\t\t\t\t\t\t\t\t\t\t\t\t\t\t<img loading=\"lazy\" decoding=\"async\" width=\"492\" height=\"345\" src=\"https:\/\/taxihome-sh.ch\/cms\/wp-content\/uploads\/2024\/08\/7312270-Taxi-Verwaltung-Polizei.jpg\" class=\"attachment-large size-large wp-image-22\" alt=\"\" srcset=\"https:\/\/taxihome-sh.ch\/cms\/wp-content\/uploads\/2024\/08\/7312270-Taxi-Verwaltung-Polizei.jpg 492w, https:\/\/taxihome-sh.ch\/cms\/wp-content\/uploads\/2024\/08\/7312270-Taxi-Verwaltung-Polizei-300x210.jpg 300w\" sizes=\"(max-width: 492px) 100vw, 492px\" \/>\t\t\t\t\t\t\t\t\t\t\t\t\t\t\t<\/div>\n\t\t\t\t<\/div>\n\t\t\t\t<\/div>\n\t\t<div class=\"elementor-element elementor-element-ab80ad8 e-con-full e-flex e-con e-child\" data-id=\"ab80ad8\" data-element_type=\"container\" data-e-type=\"container\">\n\t\t\t\t<div class=\"elementor-element elementor-element-7d20d45 elementor-widget elementor-widget-image\" data-id=\"7d20d45\" data-element_type=\"widget\" data-e-type=\"widget\" data-widget_type=\"image.default\">\n\t\t\t\t<div class=\"elementor-widget-container\">\n\t\t\t\t\t\t\t\t\t\t\t\t\t\t\t<img loading=\"lazy\" decoding=\"async\" width=\"911\" height=\"905\" src=\"https:\/\/taxihome-sh.ch\/cms\/wp-content\/uploads\/2024\/08\/12456041-401020153_2130205457343110_8021668859098860187_n-aab32.jpg\" class=\"attachment-large size-large wp-image-23\" alt=\"\" srcset=\"https:\/\/taxihome-sh.ch\/cms\/wp-content\/uploads\/2024\/08\/12456041-401020153_2130205457343110_8021668859098860187_n-aab32.jpg 911w, https:\/\/taxihome-sh.ch\/cms\/wp-content\/uploads\/2024\/08\/12456041-401020153_2130205457343110_8021668859098860187_n-aab32-300x298.jpg 300w, https:\/\/taxihome-sh.ch\/cms\/wp-content\/uploads\/2024\/08\/12456041-401020153_2130205457343110_8021668859098860187_n-aab32-150x150.jpg 150w, https:\/\/taxihome-sh.ch\/cms\/wp-content\/uploads\/2024\/08\/12456041-401020153_2130205457343110_8021668859098860187_n-aab32-768x763.jpg 768w\" sizes=\"(max-width: 911px) 100vw, 911px\" \/>\t\t\t\t\t\t\t\t\t\t\t\t\t\t\t<\/div>\n\t\t\t\t<\/div>\n\t\t\t\t<\/div>\n\t\t\t\t<\/div>\n\t\t\t\t<div class=\"elementor-element elementor-element-2735c09 elementor-widget elementor-widget-spacer\" data-id=\"2735c09\" data-element_type=\"widget\" data-e-type=\"widget\" data-widget_type=\"spacer.default\">\n\t\t\t\t<div class=\"elementor-widget-container\">\n\t\t\t\t\t\t\t<div class=\"elementor-spacer\">\n\t\t\t<div class=\"elementor-spacer-inner\"><\/div>\n\t\t<\/div>\n\t\t\t\t\t\t<\/div>\n\t\t\t\t<\/div>\n\t\t\t\t<div class=\"elementor-element elementor-element-ea65f2d elementor-widget elementor-widget-text-editor\" data-id=\"ea65f2d\" data-element_type=\"widget\" data-e-type=\"widget\" data-widget_type=\"text-editor.default\">\n\t\t\t\t<div class=\"elementor-widget-container\">\n\t\t\t\t\t\t\t\t\t<div class=\"freetextarea\"><div>Um einen Service zu bestellen, k\u00f6nnen Sie uns unter:<\/div><div>\u00a0<\/div><div><a href=\"tel:0797301055\">+41 79 730 10 55<\/a> oder <a href=\"tel:0526802828\">+41 52 680 28 28<\/a><\/div><div>\u00a0<\/div><div>Wir sind in Ihrer N\u00e4he:<\/div><div><span class=\"LrzXr\">Finsterwaldstrasse 41<\/span>, 8200 Schaffhausen<\/div><div>und im Chl\u00e4ggi<\/div><div>Lendenbergstrasse 5, 8226 Schleitheim<\/div><div><div data-offset-key=\"d251c-0-0\" data-block=\"true\" data-editor=\"a2g66\"><div class=\"_1mf _1mj\" data-offset-key=\"d251c-0-0\"><span data-offset-key=\"d251c-0-0\">F\u00fcr Reservationen, bitte Offerten per <a href=\"info@taxihome-sh.ch\"><u>E-mail <\/u><\/a>oder <u>Telegram Nachrichten<\/u> verlangen:<\/span><\/div><div class=\"_1mf _1mj\" data-offset-key=\"d251c-0-0\"><p><span data-offset-key=\"d251c-0-0\">\u200b\u200b\u200b\u200b\u200b\u200b\u200b<\/span>( im dringender Fall <u>WhatsApp f\u00fcr Standort ben\u00fctzen <\/u>)<\/p><\/div><\/div><div data-offset-key=\"beoki-0-0\" data-block=\"true\" data-editor=\"a2g66\"><div class=\"_1mf _1mj\" data-offset-key=\"beoki-0-0\"><strong><a href=\"mailto:taxihome-sh@bluewin.ch\">info@taxihome-sh.ch<\/a><\/strong><\/div><div data-offset-key=\"beoki-0-0\">\u00a0<\/div><\/div><\/div><\/div>\t\t\t\t\t\t\t\t<\/div>\n\t\t\t\t<\/div>\n\t\t<div class=\"elementor-element elementor-element-7cea3fe e-con-full e-flex e-con e-child\" data-id=\"7cea3fe\" data-element_type=\"container\" data-e-type=\"container\">\n\t\t<div class=\"elementor-element elementor-element-7966e9d e-con-full e-flex e-con e-child\" data-id=\"7966e9d\" data-element_type=\"container\" data-e-type=\"container\">\n\t\t\t\t<div class=\"elementor-element elementor-element-5ee9407 elementor-widget elementor-widget-html\" data-id=\"5ee9407\" data-element_type=\"widget\" data-e-type=\"widget\" data-widget_type=\"html.default\">\n\t\t\t\t<div class=\"elementor-widget-container\">\n\t\t\t\t\t\n<div class=\"wpcf7 no-js\" id=\"wpcf7-f131-o1\" lang=\"de-CH\" dir=\"ltr\" data-wpcf7-id=\"131\">\n<div class=\"screen-reader-response\"><p role=\"status\" aria-live=\"polite\" aria-atomic=\"true\"><\/p> <ul><\/ul><\/div>\n<form action=\"\/cms\/wp-json\/wp\/v2\/pages\/10#wpcf7-f131-o1\" method=\"post\" class=\"wpcf7-form init\" aria-label=\"Contact form\" novalidate=\"novalidate\" data-status=\"init\">\n<fieldset class=\"hidden-fields-container\"><input type=\"hidden\" name=\"_wpcf7\" value=\"131\" \/><input type=\"hidden\" name=\"_wpcf7_version\" value=\"6.1.5\" \/><input type=\"hidden\" name=\"_wpcf7_locale\" value=\"de_CH\" \/><input type=\"hidden\" name=\"_wpcf7_unit_tag\" value=\"wpcf7-f131-o1\" \/><input type=\"hidden\" name=\"_wpcf7_container_post\" value=\"0\" \/><input type=\"hidden\" name=\"_wpcf7_posted_data_hash\" value=\"\" \/>\n<\/fieldset>\n<div style=\"display: flex; flex-wrap: wrap;\">\n\t<p style=\"flex-basis: 48%; margin-right: 4%;\"><br \/>\n<label> Vorname<br \/>\n<span class=\"wpcf7-form-control-wrap\" data-name=\"vorname\"><input size=\"40\" maxlength=\"400\" class=\"wpcf7-form-control wpcf7-text wpcf7-validates-as-required\" autocomplete=\"name\" aria-required=\"true\" aria-invalid=\"false\" placeholder=\"Vorname\" value=\"\" type=\"text\" name=\"vorname\" \/><\/span><br \/>\n<\/label>\n\t<\/p>\n\t<p style=\"flex-basis: 48%;\"><br \/>\n<label> Nachname<br \/>\n<span class=\"wpcf7-form-control-wrap\" data-name=\"nachname\"><input size=\"40\" maxlength=\"400\" class=\"wpcf7-form-control wpcf7-text wpcf7-validates-as-required\" autocomplete=\"name\" aria-required=\"true\" aria-invalid=\"false\" placeholder=\"Nachname\" value=\"\" type=\"text\" name=\"nachname\" \/><\/span><br \/>\n<\/label>\n\t<\/p>\n<\/div>\n<p><br \/>\n<label> Telefon *<br \/>\n<span class=\"wpcf7-form-control-wrap\" data-name=\"telefon\"><input size=\"40\" maxlength=\"400\" class=\"wpcf7-form-control wpcf7-tel wpcf7-validates-as-required wpcf7-text wpcf7-validates-as-tel\" autocomplete=\"tel\" aria-required=\"true\" aria-invalid=\"false\" placeholder=\"Telefon\" value=\"\" type=\"tel\" name=\"telefon\" \/><\/span><br \/>\n<\/label>\n<\/p>\n<p><br \/>\n<label> E-Mail *<br \/>\n<span class=\"wpcf7-form-control-wrap\" data-name=\"email\"><input size=\"40\" maxlength=\"400\" class=\"wpcf7-form-control wpcf7-email wpcf7-validates-as-required wpcf7-text wpcf7-validates-as-email\" autocomplete=\"email\" aria-required=\"true\" aria-invalid=\"false\" placeholder=\"E-Mail\" value=\"\" type=\"email\" name=\"email\" \/><\/span><br \/>\n<\/label>\n<\/p>\n<p><br \/>\n<label> Betreff<br \/>\n<span class=\"wpcf7-form-control-wrap\" data-name=\"betreff\"><input size=\"40\" maxlength=\"400\" class=\"wpcf7-form-control wpcf7-text wpcf7-validates-as-required\" aria-required=\"true\" aria-invalid=\"false\" placeholder=\"Betreff\" value=\"\" type=\"text\" name=\"betreff\" \/><\/span><br \/>\n<\/label>\n<\/p>\n<p><br \/>\n<label> Nachricht (optional)<br \/>\n<span class=\"wpcf7-form-control-wrap\" data-name=\"nachricht\"><textarea cols=\"40\" rows=\"10\" maxlength=\"2000\" class=\"wpcf7-form-control wpcf7-textarea\" aria-invalid=\"false\" placeholder=\"Nachricht\" name=\"nachricht\"><\/textarea><\/span><br \/>\n<\/label>\n<\/p>\n<p class=\"honeypot\" style=\"display:none;\"><br \/>\n<label>plz:<\/label><br \/>\n<input type=\"text\" name=\"rpyxep2948\" value=\"\" \/>\n<\/p>\n<p><br \/>\n<input class=\"wpcf7-form-control wpcf7-submit has-spinner\" type=\"submit\" value=\"Senden\" \/>\n<\/p><div class=\"wpcf7-response-output\" aria-hidden=\"true\"><\/div>\n<\/form>\n<\/div>\n\t\t\t\t<\/div>\n\t\t\t\t<\/div>\n\t\t\t\t<\/div>\n\t\t<div class=\"elementor-element elementor-element-5a038e0 e-con-full e-flex e-con e-child\" data-id=\"5a038e0\" data-element_type=\"container\" data-e-type=\"container\">\n\t\t<div class=\"elementor-element elementor-element-b310770 e-con-full e-flex e-con e-child\" data-id=\"b310770\" data-element_type=\"container\" data-e-type=\"container\">\n\t\t\t\t<div class=\"elementor-element elementor-element-e368408 elementor-widget elementor-widget-google_maps\" data-id=\"e368408\" data-element_type=\"widget\" data-e-type=\"widget\" data-widget_type=\"google_maps.default\">\n\t\t\t\t<div class=\"elementor-widget-container\">\n\t\t\t\t\t\t\t<div class=\"elementor-custom-embed\">\n\t\t\t<iframe loading=\"lazy\"\n\t\t\t\t\tsrc=\"https:\/\/maps.google.com\/maps?q=Nordstrasse%2074%2C%208200%20Schaffhausen&#038;t=m&#038;z=13&#038;output=embed&#038;iwloc=near\"\n\t\t\t\t\ttitle=\"Nordstrasse 74, 8200 Schaffhausen\"\n\t\t\t\t\taria-label=\"Nordstrasse 74, 8200 Schaffhausen\"\n\t\t\t><\/iframe>\n\t\t<\/div>\n\t\t\t\t\t\t<\/div>\n\t\t\t\t<\/div>\n\t\t\t\t<\/div>\n\t\t<div class=\"elementor-element elementor-element-8205b3d e-con-full e-flex e-con e-child\" data-id=\"8205b3d\" data-element_type=\"container\" data-e-type=\"container\">\n\t\t\t\t<div class=\"elementor-element elementor-element-f572bf1 elementor-widget elementor-widget-google_maps\" data-id=\"f572bf1\" data-element_type=\"widget\" data-e-type=\"widget\" data-widget_type=\"google_maps.default\">\n\t\t\t\t<div class=\"elementor-widget-container\">\n\t\t\t\t\t\t\t<div class=\"elementor-custom-embed\">\n\t\t\t<iframe loading=\"lazy\"\n\t\t\t\t\tsrc=\"https:\/\/maps.google.com\/maps?q=Lendenbergstrasse%205%2C%208226%20Schleitheim&#038;t=m&#038;z=13&#038;output=embed&#038;iwloc=near\"\n\t\t\t\t\ttitle=\"Lendenbergstrasse 5, 8226 Schleitheim\"\n\t\t\t\t\taria-label=\"Lendenbergstrasse 5, 8226 Schleitheim\"\n\t\t\t><\/iframe>\n\t\t<\/div>\n\t\t\t\t\t\t<\/div>\n\t\t\t\t<\/div>\n\t\t\t\t<\/div>\n\t\t\t\t<\/div>\n\t\t\t\t<\/div>\n\t\t\t\t\t<\/div>\n\t\t\t\t<\/div>\n\t\t\t\t<\/div>\n\t\t","protected":false},"excerpt":{"rendered":"<p>Home Taxi Zentrale &#8220; Taxi Home\u00a0 Schaffhausen &amp; Klettgau &#8222; \u00a0steht \u00a0f\u00fcr herausragende und ein Umfassender Zuverl\u00e4ssige Dienstleistungen f\u00fcr private -Famili\u00e4re und gesch\u00e4ftliche Fahrten\u00a0in gepflegten Wagen Unsere besondere Kompetenz liegt im Bereich: Kurier &#8211;\u00a0Hauslieferdienst &#8211; Transfers zwischen Flughafen \u2013 Hotel \u2013 Meeting &#8211; Werk und Bahnhof. Unsere langj\u00e4hrigen Kunden sch\u00e4tzen an uns besonders Langj\u00e4hrige Fahrpraxis,&hellip;&nbsp;<a href=\"https:\/\/taxihome-sh.ch\/cms\/\" rel=\"bookmark\">Weiterlesen &raquo;<span class=\"screen-reader-text\">Home Taxi Zentrale<\/span><\/a><\/p>\n","protected":false},"author":1,"featured_media":0,"parent":0,"menu_order":0,"comment_status":"closed","ping_status":"closed","template":"page-templates\/template-pagebuilder-full-width.php","meta":{"neve_meta_sidebar":"","neve_meta_container":"","neve_meta_enable_content_width":"","neve_meta_content_width":0,"neve_meta_title_alignment":"","neve_meta_author_avatar":"","neve_post_elements_order":"","neve_meta_disable_header":"","neve_meta_disable_footer":"","neve_meta_disable_title":"","footnotes":""},"class_list":["post-10","page","type-page","status-publish","hentry"],"_links":{"self":[{"href":"https:\/\/taxihome-sh.ch\/cms\/wp-json\/wp\/v2\/pages\/10","targetHints":{"allow":["GET"]}}],"collection":[{"href":"https:\/\/taxihome-sh.ch\/cms\/wp-json\/wp\/v2\/pages"}],"about":[{"href":"https:\/\/taxihome-sh.ch\/cms\/wp-json\/wp\/v2\/types\/page"}],"author":[{"embeddable":true,"href":"https:\/\/taxihome-sh.ch\/cms\/wp-json\/wp\/v2\/users\/1"}],"replies":[{"embeddable":true,"href":"https:\/\/taxihome-sh.ch\/cms\/wp-json\/wp\/v2\/comments?post=10"}],"version-history":[{"count":38,"href":"https:\/\/taxihome-sh.ch\/cms\/wp-json\/wp\/v2\/pages\/10\/revisions"}],"predecessor-version":[{"id":164,"href":"https:\/\/taxihome-sh.ch\/cms\/wp-json\/wp\/v2\/pages\/10\/revisions\/164"}],"wp:attachment":[{"href":"https:\/\/taxihome-sh.ch\/cms\/wp-json\/wp\/v2\/media?parent=10"}],"curies":[{"name":"wp","href":"https:\/\/api.w.org\/{rel}","templated":true}]}}